{"id":14,"date":"2021-01-19T19:35:21","date_gmt":"2021-01-19T19:35:21","guid":{"rendered":"http:\/\/www.lymphconcept.ch\/?page_id=14"},"modified":"2025-01-12T19:24:02","modified_gmt":"2025-01-12T19:24:02","slug":"prise-en-charge-lymphatique","status":"publish","type":"page","link":"https:\/\/www.lymphconcept.ch\/?page_id=14","title":{"rendered":"Physioth\u00e9rapie et la prise en charge lymphatique"},"content":{"rendered":"<div class=\"wp-block-image is-style-rounded\">\n<figure class=\"aligncenter size-medium\"><img loading=\"lazy\" decoding=\"async\" width=\"300\" height=\"167\" src=\"https:\/\/www.lymphconcept.ch\/wp-content\/uploads\/2021\/01\/cropped-TwitterProfile-300x167.png\" alt=\"\" class=\"wp-image-20\" srcset=\"https:\/\/www.lymphconcept.ch\/wp-content\/uploads\/2021\/01\/cropped-TwitterProfile-300x167.png 300w, https:\/\/www.lymphconcept.ch\/wp-content\/uploads\/2021\/01\/cropped-TwitterProfile-1024x571.png 1024w, https:\/\/www.lymphconcept.ch\/wp-content\/uploads\/2021\/01\/cropped-TwitterProfile-768x428.png 768w, https:\/\/www.lymphconcept.ch\/wp-content\/uploads\/2021\/01\/cropped-TwitterProfile-1536x856.png 1536w, https:\/\/www.lymphconcept.ch\/wp-content\/uploads\/2021\/01\/cropped-TwitterProfile.png 1920w\" sizes=\"auto, (max-width: 300px) 100vw, 300px\" \/><\/figure>\n<\/div>\n\n\n<p class=\"has-text-align-center\">Notre cabinet est sp\u00e9cialis\u00e9 dans le domaine de la lymphologie et ses prises en charge.<\/p>\n\n\n\n<p class=\"has-text-align-center has-text-color has-regular-font-size\" style=\"color:#045f85\"><strong> Une coordination et collaboration entre diff\u00e9rents professionnels<\/strong> <strong>est favoris\u00e9e.<\/strong><\/p>\n\n\n\n<p class=\"has-text-align-center has-text-color\" style=\"color:#25638c;font-size:15px\">Le diagnostic m\u00e9dical est pos\u00e9 par l&#8217;angiologue.<\/p>\n\n\n\n<p class=\"has-text-align-center has-text-color\" style=\"color:#25638c;font-size:15px\">Le traitement de physioth\u00e9rapie d\u00e9congestif complexe est assur\u00e9 par la physioth\u00e9rapie.<\/p>\n\n\n\n<p class=\"has-text-align-center has-text-color\" style=\"color:#25638c;font-size:15px\">L&#8217;adaptation du traitement compressif est essentiel dans votre prise en charge.<\/p>\n\n\n\n<p class=\"has-text-align-center has-text-color\" style=\"color:#25638c;font-size:15px\">L&#8217;accompagnement et l&#8217;empowerment de nos patients sont les garants d&#8217;un succ\u00e8s du traitement.<\/p>\n\n\n\n<p class=\"has-text-align-center has-text-color\" style=\"color:#25638c;font-size:15px\">L&#8217;activit\u00e9 physique adapt\u00e9e contribue \u00e0 la qualit\u00e9 de vie.<\/p>\n\n\n\n<p><\/p>\n\n\n\n<div class=\"wp-block-media-text alignwide is-stacked-on-mobile is-resized is-style-default\"><figure class=\"wp-block-media-text__media\"><img loading=\"lazy\" decoding=\"async\" width=\"802\" height=\"897\" src=\"https:\/\/www.lymphconcept.ch\/wp-content\/uploads\/2021\/03\/Concept-PEC.png\" alt=\"\" class=\"wp-image-73 size-full\" srcset=\"https:\/\/www.lymphconcept.ch\/wp-content\/uploads\/2021\/03\/Concept-PEC.png 802w, https:\/\/www.lymphconcept.ch\/wp-content\/uploads\/2021\/03\/Concept-PEC-268x300.png 268w, https:\/\/www.lymphconcept.ch\/wp-content\/uploads\/2021\/03\/Concept-PEC-768x859.png 768w\" sizes=\"auto, (max-width: 802px) 100vw, 802px\" \/><\/figure><div class=\"wp-block-media-text__content\">\n<p>Nous avons une vision \u00e0 long terme.<\/p>\n<\/div><\/div>\n\n\n\n<p class=\"has-text-align-center has-text-color\" style=\"color:#045f85\">nos piliers de la prise en charge pour un suivi optimal<\/p>\n\n\n\n<p><\/p>\n\n\n<div class=\"wp-block-image is-resized\">\n<figure class=\"aligncenter size-large\"><img loading=\"lazy\" decoding=\"async\" width=\"1024\" height=\"716\" src=\"https:\/\/www.lymphconcept.ch\/wp-content\/uploads\/2021\/03\/Multidisciplinarite-2-1024x716.png\" alt=\"\" class=\"wp-image-77\" srcset=\"https:\/\/www.lymphconcept.ch\/wp-content\/uploads\/2021\/03\/Multidisciplinarite-2-1024x716.png 1024w, https:\/\/www.lymphconcept.ch\/wp-content\/uploads\/2021\/03\/Multidisciplinarite-2-300x210.png 300w, https:\/\/www.lymphconcept.ch\/wp-content\/uploads\/2021\/03\/Multidisciplinarite-2-768x537.png 768w, https:\/\/www.lymphconcept.ch\/wp-content\/uploads\/2021\/03\/Multidisciplinarite-2.png 1305w\" sizes=\"auto, (max-width: 1024px) 100vw, 1024px\" \/><\/figure>\n<\/div>\n\n\n<p class=\"has-text-align-center\"><\/p>\n\n\n\n<p class=\"has-text-align-center has-text-color\" style=\"color:#045f85\"> un travail en \u00e9quipe adapt\u00e9 \u00e0 vos besoins<\/p>\n\n\n\n<p><\/p>\n\n\n<div class=\"wp-block-image\">\n<figure class=\"aligncenter size-large is-resized\"><img loading=\"lazy\" decoding=\"async\" width=\"323\" height=\"323\" src=\"https:\/\/www.lymphconcept.ch\/wp-content\/uploads\/2021\/04\/Physio.png\" alt=\"\" class=\"wp-image-91\" style=\"width:210px;height:210px\" srcset=\"https:\/\/www.lymphconcept.ch\/wp-content\/uploads\/2021\/04\/Physio.png 323w, https:\/\/www.lymphconcept.ch\/wp-content\/uploads\/2021\/04\/Physio-300x300.png 300w, https:\/\/www.lymphconcept.ch\/wp-content\/uploads\/2021\/04\/Physio-150x150.png 150w\" sizes=\"auto, (max-width: 323px) 100vw, 323px\" \/><\/figure>\n<\/div>\n\n\n<p class=\"has-text-align-center\" style=\"font-size:18px\"><strong>Nos pr\u00e9stations de physioth\u00e9rapie en lymphologie<\/strong><\/p>\n\n\n\n<p class=\"has-text-align-center\"><strong>sont prise en charge par l&#8217;assurance de base sur prescription m\u00e9dicale:<\/strong><\/p>\n\n\n\n<p class=\"has-text-align-center has-text-color\" style=\"color:#25638c;font-size:18px\">Evaluation et traitement fonctionnels<\/p>\n\n\n\n<p class=\"has-text-align-center has-text-color\" style=\"color:#25638c;font-size:18px\">Drainage lymphatique et traitement compressif<\/p>\n\n\n\n<p class=\"has-text-align-center has-text-color\" style=\"color:#25638c;font-size:18px\">Activit\u00e9 physique adapt\u00e9e<\/p>\n\n\n\n<p><\/p>\n\n\n\n<p class=\"has-text-align-center\"><strong>Votre traitement est adapt\u00e9 en fonction de vos besoins personnels.<\/strong><\/p>\n\n\n\n<p><\/p>\n\n\n\n<p class=\"has-text-align-center\" style=\"font-size:18px\"><strong>Nos pr\u00e9stations de physioth\u00e9rapie g\u00e9n\u00e9rale<\/strong><\/p>\n\n\n\n<div class=\"wp-block-group\"><div class=\"wp-block-group__inner-container is-layout-flow wp-block-group-is-layout-flow\">\n<div class=\"wp-block-columns are-vertically-aligned-center is-layout-flex wp-container-core-columns-is-layout-9d6595d7 wp-block-columns-is-layout-flex\">\n<div class=\"wp-block-column is-vertically-aligned-center is-layout-flow wp-block-column-is-layout-flow\" style=\"flex-basis:100%\">\n<div class=\"wp-block-group alignwide\"><div class=\"wp-block-group__inner-container is-layout-flow wp-block-group-is-layout-flow\">\n<div class=\"wp-block-columns is-layout-flex wp-container-core-columns-is-layout-9d6595d7 wp-block-columns-is-layout-flex\"><\/div>\n\n\n\n<p class=\"has-text-align-left\"><strong>La prise en charge en physioth\u00e9rapie permet de mettre en \u0153uvre<\/strong><\/p>\n<\/div><\/div>\n<\/div>\n<\/div>\n<\/div><\/div>\n\n\n\n<div class=\"wp-block-group\"><div class=\"wp-block-group__inner-container is-layout-flow wp-block-group-is-layout-flow\">\n<div class=\"wp-block-columns is-layout-flex wp-container-core-columns-is-layout-9d6595d7 wp-block-columns-is-layout-flex\">\n<div class=\"wp-block-column is-layout-flow wp-block-column-is-layout-flow\">\n<p class=\"has-text-align-left\">une approche active<\/p>\n\n\n\n<ul id=\"block-6884e5ce-f5bb-46ce-8e29-47389b6fa8fa\" class=\"wp-block-list\">\n<li>Exercices de mobilisation<\/li>\n\n\n\n<li>Renforcement musculaire<\/li>\n\n\n\n<li>Etirements<\/li>\n\n\n\n<li>R\u00e9\u00e9ducation posturale<\/li>\n\n\n\n<li>Reprogrammation neuro-musculaire (proprioception, \u00e9quilibre)<\/li>\n\n\n\n<li>R\u00e9\u00e9ducation fonctionnelle avec l&#8217;am\u00e9lioration des gestes du quotidien et de l&#8217;activit\u00e9 professionnelle<\/li>\n<\/ul>\n<\/div>\n\n\n\n<div class=\"wp-block-column is-layout-flow wp-block-column-is-layout-flow\">\n<p class=\"has-text-align-left\">une approche passive:<\/p>\n\n\n\n<ul id=\"block-9dbb7709-9836-409c-b4a6-d2bb6da3147b\" class=\"wp-block-list\">\n<li>Th\u00e9rapie manuelle<\/li>\n\n\n\n<li>Trigger points, dry needeling<\/li>\n\n\n\n<li>Travail tissulaire<\/li>\n\n\n\n<li>Traitement des cicatrices et adh\u00e9rences tissulaires<\/li>\n<\/ul>\n<\/div>\n<\/div>\n<\/div><\/div>\n\n\n\n<p class=\"has-text-align-center\">Prenez rendez-vous: sur notre site internet ou par t\u00e9l\u00e9phone<\/p>\n\n\n\n<p class=\"has-text-align-center\"><a href=\"https:\/\/cabinet-reeducation-leman.ch\/prise-de-rendez-vous\/\">Prise de rendez-vous \u2013 Cabinet de r\u00e9\u00e9ducation du L\u00e9man<\/a> ou 021 791 08 08<\/p>\n\n\n\n<p><\/p>\n","protected":false},"excerpt":{"rendered":"<p>Notre cabinet est sp\u00e9cialis\u00e9 dans le domaine de la lymphologie et ses prises en charge. Une coordination et collaboration entre diff\u00e9rents professionnels est favoris\u00e9e. Le diagnostic m\u00e9dical est pos\u00e9 par l&#8217;angiologue. Le traitement de physioth\u00e9rapie d\u00e9congestif complexe est assur\u00e9 par la physioth\u00e9rapie. L&#8217;adaptation du traitement compressif est essentiel dans votre prise en charge. L&#8217;accompagnement et [&hellip;]<\/p>\n","protected":false},"author":1,"featured_media":0,"parent":0,"menu_order":0,"comment_status":"closed","ping_status":"closed","template":"","meta":{"footnotes":""},"class_list":["post-14","page","type-page","status-publish","hentry"],"_links":{"self":[{"href":"https:\/\/www.lymphconcept.ch\/index.php?rest_route=\/wp\/v2\/pages\/14","targetHints":{"allow":["GET"]}}],"collection":[{"href":"https:\/\/www.lymphconcept.ch\/index.php?rest_route=\/wp\/v2\/pages"}],"about":[{"href":"https:\/\/www.lymphconcept.ch\/index.php?rest_route=\/wp\/v2\/types\/page"}],"author":[{"embeddable":true,"href":"https:\/\/www.lymphconcept.ch\/index.php?rest_route=\/wp\/v2\/users\/1"}],"replies":[{"embeddable":true,"href":"https:\/\/www.lymphconcept.ch\/index.php?rest_route=%2Fwp%2Fv2%2Fcomments&post=14"}],"version-history":[{"count":19,"href":"https:\/\/www.lymphconcept.ch\/index.php?rest_route=\/wp\/v2\/pages\/14\/revisions"}],"predecessor-version":[{"id":165,"href":"https:\/\/www.lymphconcept.ch\/index.php?rest_route=\/wp\/v2\/pages\/14\/revisions\/165"}],"wp:attachment":[{"href":"https:\/\/www.lymphconcept.ch\/index.php?rest_route=%2Fwp%2Fv2%2Fmedia&parent=14"}],"curies":[{"name":"wp","href":"https:\/\/api.w.org\/{rel}","templated":true}]}}